{"id":21,"date":"2014-02-28T21:41:42","date_gmt":"2014-02-28T20:41:42","guid":{"rendered":"http:\/\/pilparis.org\/recyclerie\/?page_id=21"},"modified":"2017-04-16T22:06:35","modified_gmt":"2017-04-16T20:06:35","slug":"deposez","status":"publish","type":"page","link":"https:\/\/pilparis.org\/recyclerie\/deposez\/","title":{"rendered":"D\u00e9posez!"},"content":{"rendered":"<p><a href=\"http:\/\/pilparis.org\/recyclerie\/wp-content\/uploads\/2014\/02\/chaisetxt.png\">&nbsp;<\/a><\/p>\n<table>\n<tbody>\n<tr>\n<td colspan=\"2\">Notre travail de recyclage permet de r\u00e9utiliser les objets dont vous ne voulez plus ou qui vous encombrent et ce peu importe leur \u00e9tat, de mani\u00e8re \u00e0 leur offrir une nouvelle vie. Les recettes permettent de financer la coop\u00e9rative scolaire du lyc\u00e9e.<\/td>\n<\/tr>\n<tr>\n<td><a href=\"http:\/\/pilparis.org\/recyclerie\/wp-content\/uploads\/2014\/02\/deee.png\"><img loading=\"lazy\" decoding=\"async\" class=\"wp-image-431 size-medium alignleft\" src=\"http:\/\/pilparis.org\/recyclerie\/wp-content\/uploads\/2014\/02\/deee-300x185.png\" alt=\"\" width=\"300\" height=\"185\" srcset=\"https:\/\/pilparis.org\/recyclerie\/wp-content\/uploads\/2014\/02\/deee-300x185.png 300w, https:\/\/pilparis.org\/recyclerie\/wp-content\/uploads\/2014\/02\/deee-768x474.png 768w, https:\/\/pilparis.org\/recyclerie\/wp-content\/uploads\/2014\/02\/deee-1024x633.png 1024w\" sizes=\"(max-width: 300px) 100vw, 300px\" \/><\/a><\/td>\n<td><strong><em>Ordinateurs, \u00e9lectrom\u00e9nager, multim\u00e9dia, c\u00e2bles, etc\u2026<\/em><\/strong><br \/>\n<strong><em>(Tout appareil qui fonctionne avec de l&#8217;\u00e9lectricit\u00e9)<\/em><\/strong><\/td>\n<\/tr>\n<tr>\n<td><a href=\"http:\/\/pilparis.org\/recyclerie\/wp-content\/uploads\/2014\/02\/velo.png\"><img loading=\"lazy\" decoding=\"async\" class=\"wp-image-432 size-medium alignleft\" src=\"http:\/\/pilparis.org\/recyclerie\/wp-content\/uploads\/2014\/02\/velo-300x150.png\" alt=\"\" width=\"300\" height=\"150\" srcset=\"https:\/\/pilparis.org\/recyclerie\/wp-content\/uploads\/2014\/02\/velo-300x150.png 300w, https:\/\/pilparis.org\/recyclerie\/wp-content\/uploads\/2014\/02\/velo-768x384.png 768w, https:\/\/pilparis.org\/recyclerie\/wp-content\/uploads\/2014\/02\/velo-1024x512.png 1024w\" sizes=\"(max-width: 300px) 100vw, 300px\" \/><\/a><\/td>\n<td><strong><em>V\u00e9los et pi\u00e8ces d\u00e9tach\u00e9s<\/em><\/strong><\/td>\n<\/tr>\n<tr>\n<td><a href=\"http:\/\/pilparis.org\/recyclerie\/wp-content\/uploads\/2014\/02\/chaise.png\"><img loading=\"lazy\" decoding=\"async\" class=\"wp-image-430 size-medium alignleft\" src=\"http:\/\/pilparis.org\/recyclerie\/wp-content\/uploads\/2014\/02\/chaise-300x154.png\" alt=\"\" width=\"300\" height=\"154\" srcset=\"https:\/\/pilparis.org\/recyclerie\/wp-content\/uploads\/2014\/02\/chaise-300x154.png 300w, https:\/\/pilparis.org\/recyclerie\/wp-content\/uploads\/2014\/02\/chaise-768x394.png 768w, https:\/\/pilparis.org\/recyclerie\/wp-content\/uploads\/2014\/02\/chaise-1024x525.png 1024w\" sizes=\"(max-width: 300px) 100vw, 300px\" \/><\/a><\/td>\n<td><strong><em>Chaises, fauteuils, tabourets<\/em><\/strong><br \/>\n<strong><em>&nbsp;<\/em><\/strong><\/td>\n<\/tr>\n<tr>\n<td colspan=\"2\"><strong>D\u00e9posez vos objets:<\/strong><br \/>\nDu lundi au vendredi de 9h \u00e0 17h30 (hors vacances scolaires et jours f\u00e9ri\u00e9s)<br \/>\nPole Innovant lyc\u00e9en\/lyc\u00e9e lazare ponticelli\/ 94 rue Barrault 75013<br \/>\nrecyclerie@pilparis.org ou www.pilparis.org\/recyclerie<\/td>\n<\/tr>\n<\/tbody>\n<\/table>\n<p><a href=\"http:\/\/pilparis.org\/recyclerie\/wp-content\/uploads\/2014\/02\/deetxt.png\"><br \/>\n<\/a><\/p>\n","protected":false},"excerpt":{"rendered":"<p>&nbsp; Notre travail de recyclage permet de r\u00e9utiliser les objets dont vous ne voulez plus ou qui vous encombrent et ce peu importe leur \u00e9tat, de mani\u00e8re \u00e0 leur offrir<\/p>\n<div class='the_champ_sharing_container the_champ_vertical_sharing the_champ_hide_sharing the_champ_bottom_sharing' style='width:24px;left: -10px;top: 100px;-webkit-box-shadow:none;box-shadow:none;' data-super-socializer-href=\"https:\/\/pilparis.org\/recyclerie\/wp-json\/wp\/v2\/pages\/21\"><div class=\"the_champ_sharing_ul\"><a class=\"the_champ_facebook\" href=\"https:\/\/www.facebook.com\/sharer\/sharer.php?u=https%3A%2F%2Fpilparis.org%2Frecyclerie%2Fwp-json%2Fwp%2Fv2%2Fpages%2F21\" title=\"Facebook\" rel=\"nofollow noopener\" target=\"_blank\" style=\"font-size:24px!important;box-shadow:none;display:inline-block;vertical-align:middle\"><span class=\"the_champ_svg\" style=\"background-color:#3c589a;width:20px;height:20px;border-radius:999px;display:inline-block;opacity:1;float:left;font-size:24px;box-shadow:none;display:inline-block;font-size:16px;padding:0 4px;vertical-align:middle;background-repeat:repeat;overflow:hidden;padding:0;cursor:pointer;box-sizing:content-box\"><svg style=\"display:block;border-radius:999px;\" focusable=\"false\" aria-hidden=\"true\" xmlns=\"http:\/\/www.w3.org\/2000\/svg\" width=\"100%\" height=\"100%\" viewBox=\"-5 -5 42 42\"><path d=\"M17.78 27.5V17.008h3.522l.527-4.09h-4.05v-2.61c0-1.182.33-1.99 2.023-1.99h2.166V4.66c-.375-.05-1.66-.16-3.155-.16-3.123 0-5.26 1.905-5.26 5.405v3.016h-3.53v4.09h3.53V27.5h4.223z\" fill=\"#fff\"><\/path><\/svg><\/span><\/a><a class=\"the_champ_button_twitter\" href=\"https:\/\/twitter.com\/intent\/tweet?text=Recyclerie%20du%20PIL%20-%20Plut%C3%B4t%20que%20jeter%20%3A%20recycler%2C%20retaper%2C%20valoriser%20et%20%C3%A9duquer%20%C3%A0%20l%E2%80%99environnement%20%21&url=https%3A%2F%2Fpilparis.org%2Frecyclerie%2Fwp-json%2Fwp%2Fv2%2Fpages%2F21\" title=\"Twitter\" rel=\"nofollow noopener\" target=\"_blank\" style=\"font-size:24px!important;box-shadow:none;display:inline-block;vertical-align:middle\"><span class=\"the_champ_svg the_champ_s__default the_champ_s_twitter\" style=\"background-color:#55acee;width:20px;height:20px;border-radius:999px;display:inline-block;opacity:1;float:left;font-size:24px;box-shadow:none;display:inline-block;font-size:16px;padding:0 4px;vertical-align:middle;background-repeat:repeat;overflow:hidden;padding:0;cursor:pointer;box-sizing:content-box\"><svg style=\"display:block;border-radius:999px;\" focusable=\"false\" aria-hidden=\"true\" xmlns=\"http:\/\/www.w3.org\/2000\/svg\" width=\"100%\" height=\"100%\" viewBox=\"-4 -4 39 39\"><path d=\"M28 8.557a9.913 9.913 0 0 1-2.828.775 4.93 4.93 0 0 0 2.166-2.725 9.738 9.738 0 0 1-3.13 1.194 4.92 4.92 0 0 0-3.593-1.55 4.924 4.924 0 0 0-4.794 6.049c-4.09-.21-7.72-2.17-10.15-5.15a4.942 4.942 0 0 0-.665 2.477c0 1.71.87 3.214 2.19 4.1a4.968 4.968 0 0 1-2.23-.616v.06c0 2.39 1.7 4.38 3.952 4.83-.414.115-.85.174-1.297.174-.318 0-.626-.03-.928-.086a4.935 4.935 0 0 0 4.6 3.42 9.893 9.893 0 0 1-6.114 2.107c-.398 0-.79-.023-1.175-.068a13.953 13.953 0 0 0 7.55 2.213c9.056 0 14.01-7.507 14.01-14.013 0-.213-.005-.426-.015-.637.96-.695 1.795-1.56 2.455-2.55z\" fill=\"#fff\"><\/path><\/svg><\/span><\/a><a class=\"the_champ_button_linkedin\" href=\"https:\/\/www.linkedin.com\/shareArticle?mini=true&url=https%3A%2F%2Fpilparis.org%2Frecyclerie%2Fwp-json%2Fwp%2Fv2%2Fpages%2F21&title=Recyclerie%20du%20PIL%20-%20Plut%C3%B4t%20que%20jeter%20%3A%20recycler%2C%20retaper%2C%20valoriser%20et%20%C3%A9duquer%20%C3%A0%20l%E2%80%99environnement%20%21\" title=\"Linkedin\" rel=\"nofollow noopener\" target=\"_blank\" style=\"font-size:24px!important;box-shadow:none;display:inline-block;vertical-align:middle\"><span class=\"the_champ_svg the_champ_s__default the_champ_s_linkedin\" style=\"background-color:#0077b5;width:20px;height:20px;border-radius:999px;display:inline-block;opacity:1;float:left;font-size:24px;box-shadow:none;display:inline-block;font-size:16px;padding:0 4px;vertical-align:middle;background-repeat:repeat;overflow:hidden;padding:0;cursor:pointer;box-sizing:content-box\"><svg style=\"display:block;border-radius:999px;\" focusable=\"false\" aria-hidden=\"true\" xmlns=\"http:\/\/www.w3.org\/2000\/svg\" width=\"100%\" height=\"100%\" viewBox=\"0 0 32 32\"><path d=\"M6.227 12.61h4.19v13.48h-4.19V12.61zm2.095-6.7a2.43 2.43 0 0 1 0 4.86c-1.344 0-2.428-1.09-2.428-2.43s1.084-2.43 2.428-2.43m4.72 6.7h4.02v1.84h.058c.56-1.058 1.927-2.176 3.965-2.176 4.238 0 5.02 2.792 5.02 6.42v7.395h-4.183v-6.56c0-1.564-.03-3.574-2.178-3.574-2.18 0-2.514 1.7-2.514 3.46v6.668h-4.187V12.61z\" fill=\"#fff\"><\/path><\/svg><\/span><\/a><a class=\"the_champ_button_pinterest\" onclick=\"javascript:void( (function() {var e=document.createElement('script' );e.setAttribute('type','text\/javascript' );e.setAttribute('charset','UTF-8' );e.setAttribute('src','\/\/assets.pinterest.com\/js\/pinmarklet.js?r='+Math.random()*99999999);document.body.appendChild(e)})());\" title=\"Pinterest\" rel=\"nofollow noopener\" style=\"font-size:24px!important;box-shadow:none;display:inline-block;vertical-align:middle\"><span class=\"the_champ_svg the_champ_s__default the_champ_s_pinterest\" style=\"background-color:#cc2329;width:20px;height:20px;border-radius:999px;display:inline-block;opacity:1;float:left;font-size:24px;box-shadow:none;display:inline-block;font-size:16px;padding:0 4px;vertical-align:middle;background-repeat:repeat;overflow:hidden;padding:0;cursor:pointer;box-sizing:content-box\"><svg style=\"display:block;border-radius:999px;\" focusable=\"false\" aria-hidden=\"true\" xmlns=\"http:\/\/www.w3.org\/2000\/svg\" width=\"100%\" height=\"100%\" viewBox=\"-2 -2 35 35\"><path fill=\"#fff\" d=\"M16.539 4.5c-6.277 0-9.442 4.5-9.442 8.253 0 2.272.86 4.293 2.705 5.046.303.125.574.005.662-.33.061-.231.205-.816.27-1.06.088-.331.053-.447-.191-.736-.532-.627-.873-1.439-.873-2.591 0-3.338 2.498-6.327 6.505-6.327 3.548 0 5.497 2.168 5.497 5.062 0 3.81-1.686 7.025-4.188 7.025-1.382 0-2.416-1.142-2.085-2.545.397-1.674 1.166-3.48 1.166-4.689 0-1.081-.581-1.983-1.782-1.983-1.413 0-2.548 1.462-2.548 3.419 0 1.247.421 2.091.421 2.091l-1.699 7.199c-.505 2.137-.076 4.755-.039 5.019.021.158.223.196.314.077.13-.17 1.813-2.247 2.384-4.324.162-.587.929-3.631.929-3.631.46.876 1.801 1.646 3.227 1.646 4.247 0 7.128-3.871 7.128-9.053.003-3.918-3.317-7.568-8.361-7.568z\"\/><\/svg><\/span><\/a><a class=\"the_champ_button_reddit\" href=\"http:\/\/reddit.com\/submit?url=https%3A%2F%2Fpilparis.org%2Frecyclerie%2Fwp-json%2Fwp%2Fv2%2Fpages%2F21&title=Recyclerie%20du%20PIL%20-%20Plut%C3%B4t%20que%20jeter%20%3A%20recycler%2C%20retaper%2C%20valoriser%20et%20%C3%A9duquer%20%C3%A0%20l%E2%80%99environnement%20%21\" title=\"Reddit\" rel=\"nofollow noopener\" target=\"_blank\" style=\"font-size:24px!important;box-shadow:none;display:inline-block;vertical-align:middle\"><span class=\"the_champ_svg the_champ_s__default the_champ_s_reddit\" style=\"background-color:#ff5700;width:20px;height:20px;border-radius:999px;display:inline-block;opacity:1;float:left;font-size:24px;box-shadow:none;display:inline-block;font-size:16px;padding:0 4px;vertical-align:middle;background-repeat:repeat;overflow:hidden;padding:0;cursor:pointer;box-sizing:content-box\"><svg style=\"display:block;border-radius:999px;\" focusable=\"false\" aria-hidden=\"true\" xmlns=\"http:\/\/www.w3.org\/2000\/svg\" width=\"100%\" height=\"100%\" viewBox=\"-3.5 -3.5 39 39\"><path d=\"M28.543 15.774a2.953 2.953 0 0 0-2.951-2.949 2.882 2.882 0 0 0-1.9.713 14.075 14.075 0 0 0-6.85-2.044l1.38-4.349 3.768.884a2.452 2.452 0 1 0 .24-1.176l-4.274-1a.6.6 0 0 0-.709.4l-1.659 5.224a14.314 14.314 0 0 0-7.316 2.029 2.908 2.908 0 0 0-1.872-.681 2.942 2.942 0 0 0-1.618 5.4 5.109 5.109 0 0 0-.062.765c0 4.158 5.037 7.541 11.229 7.541s11.22-3.383 11.22-7.541a5.2 5.2 0 0 0-.053-.706 2.963 2.963 0 0 0 1.427-2.51zm-18.008 1.88a1.753 1.753 0 0 1 1.73-1.74 1.73 1.73 0 0 1 1.709 1.74 1.709 1.709 0 0 1-1.709 1.711 1.733 1.733 0 0 1-1.73-1.711zm9.565 4.968a5.573 5.573 0 0 1-4.081 1.272h-.032a5.576 5.576 0 0 1-4.087-1.272.6.6 0 0 1 .844-.854 4.5 4.5 0 0 0 3.238.927h.032a4.5 4.5 0 0 0 3.237-.927.6.6 0 1 1 .844.854zm-.331-3.256a1.726 1.726 0 1 1 1.709-1.712 1.717 1.717 0 0 1-1.712 1.712z\" fill=\"#fff\"\/><\/svg><\/span><\/a><a class=\"the_champ_button_mix\" href=\"https:\/\/mix.com\/mixit?url=https%3A%2F%2Fpilparis.org%2Frecyclerie%2Fwp-json%2Fwp%2Fv2%2Fpages%2F21\" title=\"Mix\" rel=\"nofollow noopener\" target=\"_blank\" style=\"font-size:24px!important;box-shadow:none;display:inline-block;vertical-align:middle\"><span class=\"the_champ_svg the_champ_s__default the_champ_s_mix\" style=\"background-color:#ff8226;width:20px;height:20px;border-radius:999px;display:inline-block;opacity:1;float:left;font-size:24px;box-shadow:none;display:inline-block;font-size:16px;padding:0 4px;vertical-align:middle;background-repeat:repeat;overflow:hidden;padding:0;cursor:pointer;box-sizing:content-box\"><svg focusable=\"false\" aria-hidden=\"true\" xmlns=\"http:\/\/www.w3.org\/2000\/svg\" width=\"100%\" height=\"100%\" viewBox=\"-7 -8 45 45\"><g fill=\"#fff\"><path opacity=\".8\" d=\"M27.87 4.125c-5.224 0-9.467 4.159-9.467 9.291v2.89c0-1.306 1.074-2.362 2.399-2.362s2.399 1.056 2.399 2.362v1.204c0 1.306 1.074 2.362 2.399 2.362s2.399-1.056 2.399-2.362V4.134c-.036-.009-.082-.009-.129-.009\"\/><path d=\"M4 4.125v12.94c2.566 0 4.668-1.973 4.807-4.465v-2.214c0-.065 0-.12.009-.176.093-1.213 1.13-2.177 2.39-2.177 1.325 0 2.399 1.056 2.399 2.362v9.226c0 1.306 1.074 2.353 2.399 2.353s2.399-1.056 2.399-2.353v-6.206c0-5.132 4.233-9.291 9.467-9.291H4z\"\/><path opacity=\".8\" d=\"M4 17.074v8.438c0 1.306 1.074 2.362 2.399 2.362s2.399-1.056 2.399-2.362V12.61C8.659 15.102 6.566 17.074 4 17.074\"\/><\/g><\/svg><\/span><\/a><a class=\"the_champ_whatsapp\" href=\"https:\/\/api.whatsapp.com\/send?text=Recyclerie%20du%20PIL%20-%20Plut%C3%B4t%20que%20jeter%20%3A%20recycler%2C%20retaper%2C%20valoriser%20et%20%C3%A9duquer%20%C3%A0%20l%E2%80%99environnement%20%21 https%3A%2F%2Fpilparis.org%2Frecyclerie%2Fwp-json%2Fwp%2Fv2%2Fpages%2F21\" title=\"Whatsapp\" rel=\"nofollow noopener\" target=\"_blank\" style=\"font-size:24px!important;box-shadow:none;display:inline-block;vertical-align:middle\"><span class=\"the_champ_svg\" style=\"background-color:#55eb4c;width:20px;height:20px;border-radius:999px;display:inline-block;opacity:1;float:left;font-size:24px;box-shadow:none;display:inline-block;font-size:16px;padding:0 4px;vertical-align:middle;background-repeat:repeat;overflow:hidden;padding:0;cursor:pointer;box-sizing:content-box\"><svg style=\"display:block;border-radius:999px;\" focusable=\"false\" aria-hidden=\"true\" xmlns=\"http:\/\/www.w3.org\/2000\/svg\" width=\"100%\" height=\"100%\" viewBox=\"-6 -5 40 40\"><path class=\"the_champ_svg_stroke the_champ_no_fill\" stroke=\"#fff\" stroke-width=\"2\" fill=\"none\" d=\"M 11.579798566743314 24.396926207859085 A 10 10 0 1 0 6.808479557110079 20.73576436351046\"><\/path><path d=\"M 7 19 l -1 6 l 6 -1\" class=\"the_champ_no_fill the_champ_svg_stroke\" stroke=\"#fff\" stroke-width=\"2\" fill=\"none\"><\/path><path d=\"M 10 10 q -1 8 8 11 c 5 -1 0 -6 -1 -3 q -4 -3 -5 -5 c 4 -2 -1 -5 -1 -4\" fill=\"#fff\"><\/path><\/svg><\/span><\/a><a class=\"the_champ_more\" title=\"More\" rel=\"nofollow noopener\" style=\"font-size:24px!important;border:0;box-shadow:none;display:inline-block!important;font-size:16px;padding:0 4px;vertical-align: middle;display:inline;\" href=\"https:\/\/pilparis.org\/recyclerie\/wp-json\/wp\/v2\/pages\/21\" onclick=\"event.preventDefault()\"><span class=\"the_champ_svg\" style=\"background-color:#ee8e2d;width:20px;height:20px;border-radius:999px;display:inline-block!important;opacity:1;float:left;font-size:32px!important;box-shadow:none;display:inline-block;font-size:16px;padding:0 4px;vertical-align:middle;display:inline;background-repeat:repeat;overflow:hidden;padding:0;cursor:pointer;box-sizing:content-box;\" onclick=\"theChampMoreSharingPopup(this, 'https:\/\/pilparis.org\/recyclerie\/wp-json\/wp\/v2\/pages\/21', 'Recyclerie%20du%20PIL%20-%20Plut%C3%B4t%20que%20jeter%20%3A%20recycler%2C%20retaper%2C%20valoriser%20et%20%C3%A9duquer%20%C3%A0%20l%E2%80%99environnement%20%21', '' )\"><svg xmlns=\"http:\/\/www.w3.org\/2000\/svg\" xmlns:xlink=\"http:\/\/www.w3.org\/1999\/xlink\" viewBox=\"-.3 0 32 32\" version=\"1.1\" width=\"100%\" height=\"100%\" style=\"display:block;border-radius:999px;\" xml:space=\"preserve\"><g><path fill=\"#fff\" d=\"M18 14V8h-4v6H8v4h6v6h4v-6h6v-4h-6z\" fill-rule=\"evenodd\"><\/path><\/g><\/svg><\/span><\/a><\/div><\/div>","protected":false},"author":1,"featured_media":441,"parent":0,"menu_order":0,"comment_status":"closed","ping_status":"closed","template":"template-full.php","meta":{"ngg_post_thumbnail":0,"footnotes":""},"_links":{"self":[{"href":"https:\/\/pilparis.org\/recyclerie\/wp-json\/wp\/v2\/pages\/21"}],"collection":[{"href":"https:\/\/pilparis.org\/recyclerie\/wp-json\/wp\/v2\/pages"}],"about":[{"href":"https:\/\/pilparis.org\/recyclerie\/wp-json\/wp\/v2\/types\/page"}],"author":[{"embeddable":true,"href":"https:\/\/pilparis.org\/recyclerie\/wp-json\/wp\/v2\/users\/1"}],"replies":[{"embeddable":true,"href":"https:\/\/pilparis.org\/recyclerie\/wp-json\/wp\/v2\/comments?post=21"}],"version-history":[{"count":4,"href":"https:\/\/pilparis.org\/recyclerie\/wp-json\/wp\/v2\/pages\/21\/revisions"}],"predecessor-version":[{"id":442,"href":"https:\/\/pilparis.org\/recyclerie\/wp-json\/wp\/v2\/pages\/21\/revisions\/442"}],"wp:featuredmedia":[{"embeddable":true,"href":"https:\/\/pilparis.org\/recyclerie\/wp-json\/wp\/v2\/media\/441"}],"wp:attachment":[{"href":"https:\/\/pilparis.org\/recyclerie\/wp-json\/wp\/v2\/media?parent=21"}],"curies":[{"name":"wp","href":"https:\/\/api.w.org\/{rel}","templated":true}]}}